{"id":1974,"date":"2020-05-11T17:18:12","date_gmt":"2020-05-11T15:18:12","guid":{"rendered":"https:\/\/gstudiosfi.test.cchosting.fi\/?post_type=product&#038;p=1974"},"modified":"2022-01-28T16:18:15","modified_gmt":"2022-01-28T14:18:15","slug":"koko-studiotila","status":"publish","type":"product","link":"https:\/\/gstudiosfi.test.cchosting.fi\/fi\/kalustovuokraus\/koko-studiotila\/","title":{"rendered":"Studio 350 m2"},"content":{"rendered":"<p>Vuokratessanne koko studion saatte k\u00e4ytt\u00f6\u00f6nne 350 m2 tilan, jossa k\u00e4yt\u00f6ss\u00e4nne on Suomen suurin h\u00e4ivytetty horisonttikulma, valtava green screen sein\u00e4 sek\u00e4 optiona suuri chroma green matto. Koko tilan kattava overhead diffuusori peitt\u00e4\u00e4 kaksi yl\u00e4puolella olevaa pitk\u00e4\u00e4 trussia. Osassa trusseista on valmiiksi integroituna valoja, jotka ovat ohjattavissa valop\u00f6yd\u00e4st\u00e4. Trusseihin on my\u00f6s mahdollista lis\u00e4t\u00e4 valoja tuotantotarpeen mukaan.<\/p>\n","protected":false},"excerpt":{"rendered":"<p>Vuokratessanne koko studion saatte k\u00e4ytt\u00f6\u00f6nne 350 m2 tilan, jossa k\u00e4yt\u00f6ss\u00e4nne on Suomen suurin h\u00e4ivytetty horisonttikulma, valtava green screen sein\u00e4 sek\u00e4 optiona suuri chroma green matto. Koko tilan kattava overhead diffuusori peitt\u00e4\u00e4 kaksi yl\u00e4puolella olevaa pitk\u00e4\u00e4 trussia. Osassa trusseista on valmiiksi integroituna valoja, jotka ovat ohjattavissa valop\u00f6yd\u00e4st\u00e4. Trusseihin on my\u00f6s mahdollista lis\u00e4t\u00e4 valoja tuotantotarpeen mukaan.<\/p>\n","protected":false},"featured_media":3141,"comment_status":"open","ping_status":"closed","template":"","meta":[],"product_brand":[],"product_cat":[56],"product_tag":[],"class_list":{"0":"post-1974","1":"product","2":"type-product","3":"status-publish","4":"has-post-thumbnail","6":"product_cat-studio","8":"first","9":"instock","10":"shipping-taxable","11":"purchasable","12":"product-type-simple"},"_links":{"self":[{"href":"https:\/\/gstudiosfi.test.cchosting.fi\/fi\/wp-json\/wp\/v2\/product\/1974","targetHints":{"allow":["GET"]}}],"collection":[{"href":"https:\/\/gstudiosfi.test.cchosting.fi\/fi\/wp-json\/wp\/v2\/product"}],"about":[{"href":"https:\/\/gstudiosfi.test.cchosting.fi\/fi\/wp-json\/wp\/v2\/types\/product"}],"replies":[{"embeddable":true,"href":"https:\/\/gstudiosfi.test.cchosting.fi\/fi\/wp-json\/wp\/v2\/comments?post=1974"}],"wp:featuredmedia":[{"embeddable":true,"href":"https:\/\/gstudiosfi.test.cchosting.fi\/fi\/wp-json\/wp\/v2\/media\/3141"}],"wp:attachment":[{"href":"https:\/\/gstudiosfi.test.cchosting.fi\/fi\/wp-json\/wp\/v2\/media?parent=1974"}],"wp:term":[{"taxonomy":"product_brand","embeddable":true,"href":"https:\/\/gstudiosfi.test.cchosting.fi\/fi\/wp-json\/wp\/v2\/product_brand?post=1974"},{"taxonomy":"product_cat","embeddable":true,"href":"https:\/\/gstudiosfi.test.cchosting.fi\/fi\/wp-json\/wp\/v2\/product_cat?post=1974"},{"taxonomy":"product_tag","embeddable":true,"href":"https:\/\/gstudiosfi.test.cchosting.fi\/fi\/wp-json\/wp\/v2\/product_tag?post=1974"}],"curies":[{"name":"wp","href":"https:\/\/api.w.org\/{rel}","templated":true}]}}