{"id":1979,"date":"2020-05-11T17:29:46","date_gmt":"2020-05-11T15:29:46","guid":{"rendered":"https:\/\/gstudiosfi.test.cchosting.fi\/?post_type=product&#038;p=1979"},"modified":"2025-08-28T08:40:06","modified_gmt":"2025-08-28T06:40:06","slug":"studiotila-130-m2","status":"publish","type":"product","link":"https:\/\/gstudiosfi.test.cchosting.fi\/fi\/kalustovuokraus\/studiotila-130-m2\/","title":{"rendered":"Studio 130 m2"},"content":{"rendered":"<p>Vuokratessanne pienemm\u00e4n 130 m2 studion saatte r\u00e4\u00e4t\u00e4l\u00f6it\u00e4viss\u00e4 olevan monik\u00e4ytt\u00f6isen tilan, joka soveltuu kevyempiin video- ja still -kuvauksiin. T\u00e4m\u00e4 vaihtoehto sis\u00e4lt\u00e4\u00e4 my\u00f6s rutkasti tilaa sek\u00e4 korkean yli viiden metrin tilakorkeuden. K\u00e4yt\u00f6ss\u00e4nne on my\u00f6s kuvaussilta, joka mahdollistaa ylh\u00e4\u00e4lt\u00e4 kuvaamisen. Taustalle mahtuu helposti iso chroma green sein\u00e4. T\u00e4ss\u00e4kin tilassa trussit mahdollistavat monipuolisen valojen sijoittelun.<\/p>\n","protected":false},"excerpt":{"rendered":"<p>Vuokratessanne pienemm\u00e4n 130 m2 studion saatte r\u00e4\u00e4t\u00e4l\u00f6it\u00e4viss\u00e4 olevan monik\u00e4ytt\u00f6isen tilan, joka soveltuu kevyempiin video- ja still -kuvauksiin. T\u00e4m\u00e4 vaihtoehto sis\u00e4lt\u00e4\u00e4 my\u00f6s rutkasti tilaa sek\u00e4 korkean yli viiden metrin tilakorkeuden. K\u00e4yt\u00f6ss\u00e4nne on my\u00f6s kuvaussilta, joka mahdollistaa ylh\u00e4\u00e4lt\u00e4 kuvaamisen. Taustalle mahtuu helposti iso chroma green sein\u00e4. T\u00e4ss\u00e4kin tilassa trussit mahdollistavat monipuolisen valojen sijoittelun.<\/p>\n","protected":false},"featured_media":3140,"comment_status":"open","ping_status":"closed","template":"","meta":[],"product_brand":[],"product_cat":[56],"product_tag":[],"class_list":{"0":"post-1979","1":"product","2":"type-product","3":"status-publish","4":"has-post-thumbnail","6":"product_cat-studio","8":"first","9":"instock","10":"shipping-taxable","11":"purchasable","12":"product-type-simple"},"_links":{"self":[{"href":"https:\/\/gstudiosfi.test.cchosting.fi\/fi\/wp-json\/wp\/v2\/product\/1979","targetHints":{"allow":["GET"]}}],"collection":[{"href":"https:\/\/gstudiosfi.test.cchosting.fi\/fi\/wp-json\/wp\/v2\/product"}],"about":[{"href":"https:\/\/gstudiosfi.test.cchosting.fi\/fi\/wp-json\/wp\/v2\/types\/product"}],"replies":[{"embeddable":true,"href":"https:\/\/gstudiosfi.test.cchosting.fi\/fi\/wp-json\/wp\/v2\/comments?post=1979"}],"wp:featuredmedia":[{"embeddable":true,"href":"https:\/\/gstudiosfi.test.cchosting.fi\/fi\/wp-json\/wp\/v2\/media\/3140"}],"wp:attachment":[{"href":"https:\/\/gstudiosfi.test.cchosting.fi\/fi\/wp-json\/wp\/v2\/media?parent=1979"}],"wp:term":[{"taxonomy":"product_brand","embeddable":true,"href":"https:\/\/gstudiosfi.test.cchosting.fi\/fi\/wp-json\/wp\/v2\/product_brand?post=1979"},{"taxonomy":"product_cat","embeddable":true,"href":"https:\/\/gstudiosfi.test.cchosting.fi\/fi\/wp-json\/wp\/v2\/product_cat?post=1979"},{"taxonomy":"product_tag","embeddable":true,"href":"https:\/\/gstudiosfi.test.cchosting.fi\/fi\/wp-json\/wp\/v2\/product_tag?post=1979"}],"curies":[{"name":"wp","href":"https:\/\/api.w.org\/{rel}","templated":true}]}}